{"id":4524,"date":"2023-11-14T13:24:35","date_gmt":"2023-11-14T11:24:35","guid":{"rendered":"https:\/\/alex.ee\/kontakt\/"},"modified":"2023-11-27T20:40:42","modified_gmt":"2023-11-27T18:40:42","slug":"contact","status":"publish","type":"page","link":"https:\/\/alex.ee\/en\/contact\/","title":{"rendered":"Contact"},"content":{"rendered":"\t\t<div data-elementor-type=\"wp-post\" data-elementor-id=\"4524\" class=\"elementor elementor-4524 elementor-4470\" data-elementor-post-type=\"page\">\n\t\t\t\t\t\t<section class=\"elementor-section elementor-top-section elementor-element elementor-element-f446861 elementor-section-full_width elementor-section-height-default elementor-section-height-default elementor-invisible\" data-id=\"f446861\" data-element_type=\"section\" data-e-type=\"section\" data-settings=\"{&quot;animation&quot;:&quot;fadeInUp&quot;}\">\n\t\t\t\t\t\t<div class=\"elementor-container elementor-column-gap-no\">\n\t\t\t\t\t<div class=\"elementor-column elementor-col-50 elementor-top-column elementor-element elementor-element-6aa374e\" data-id=\"6aa374e\" data-element_type=\"column\" data-e-type=\"column\">\n\t\t\t<div class=\"elementor-widget-wrap elementor-element-populated\">\n\t\t\t\t\t\t<div class=\"elementor-element elementor-element-b722f7c elementor-widget elementor-widget-heading\" data-id=\"b722f7c\" data-element_type=\"widget\" data-e-type=\"widget\" data-widget_type=\"heading.default\">\n\t\t\t\t<div class=\"elementor-widget-container\">\n\t\t\t\t\t<h5 class=\"elementor-heading-title elementor-size-default\">Kontaktid:<\/h5>\t\t\t\t<\/div>\n\t\t\t\t<\/div>\n\t\t\t\t<div class=\"elementor-element elementor-element-d361e17 elementor-widget elementor-widget-text-editor\" data-id=\"d361e17\" data-element_type=\"widget\" data-e-type=\"widget\" data-widget_type=\"text-editor.default\">\n\t\t\t\t<div class=\"elementor-widget-container\">\n\t\t\t\t\t\t\t\t\t<p style=\"text-align: center;\">Telefon: <a href=\"tel:+3723396230\">+372 33 96230<\/a><br \/>Email: <a href=\"mailto:alex@alex.ee\">alex@alex.ee<\/a><br \/>Aadress: Kalevi tn 3, J\u00e4rve linnaosa, <br \/>Kohtla-J\u00e4rve linn, Ida-Viru maakond, <span class=\"orange_font inner_subtitle\">30322<\/span><br \/>Eesti<\/p>\n\t\t\t\t\t\t\t\t<\/div>\n\t\t\t\t<\/div>\n\t\t\t\t\t<\/div>\n\t\t<\/div>\n\t\t\t\t<div class=\"elementor-column elementor-col-50 elementor-top-column elementor-element elementor-element-5740693\" data-id=\"5740693\" data-element_type=\"column\" data-e-type=\"column\">\n\t\t\t<div class=\"elementor-widget-wrap elementor-element-populated\">\n\t\t\t\t\t\t<div class=\"elementor-element elementor-element-4746e68 elementor-widget elementor-widget-heading\" data-id=\"4746e68\" data-element_type=\"widget\" data-e-type=\"widget\" data-widget_type=\"heading.default\">\n\t\t\t\t<div class=\"elementor-widget-container\">\n\t\t\t\t\t<h5 class=\"elementor-heading-title elementor-size-default\">Rekvisiidid:<\/h5>\t\t\t\t<\/div>\n\t\t\t\t<\/div>\n\t\t\t\t<div class=\"elementor-element elementor-element-3689d33 elementor-widget elementor-widget-text-editor\" data-id=\"3689d33\" data-element_type=\"widget\" data-e-type=\"widget\" data-widget_type=\"text-editor.default\">\n\t\t\t\t<div class=\"elementor-widget-container\">\n\t\t\t\t\t\t\t\t\t<p style=\"text-align: center;\">Baltiska Viru O\u00dc<br \/>Reg. nr: 10245412<\/p>\n\t\t\t\t\t\t\t\t<\/div>\n\t\t\t\t<\/div>\n\t\t\t\t\t<\/div>\n\t\t<\/div>\n\t\t\t\t\t<\/div>\n\t\t<\/section>\n\t\t\t\t<section class=\"elementor-section elementor-top-section elementor-element elementor-element-14e360b elementor-section-full_width elementor-section-height-default elementor-section-height-default elementor-invisible\" data-id=\"14e360b\" data-element_type=\"section\" data-e-type=\"section\" data-settings=\"{&quot;animation&quot;:&quot;fadeInUp&quot;}\">\n\t\t\t\t\t\t<div class=\"elementor-container elementor-column-gap-no\">\n\t\t\t\t\t<div class=\"elementor-column elementor-col-100 elementor-top-column elementor-element elementor-element-faef0e3\" data-id=\"faef0e3\" data-element_type=\"column\" data-e-type=\"column\">\n\t\t\t<div class=\"elementor-widget-wrap elementor-element-populated\">\n\t\t\t\t\t\t<div class=\"elementor-element elementor-element-d87683d elementor-widget elementor-widget-google_maps\" data-id=\"d87683d\" data-element_type=\"widget\" data-e-type=\"widget\" data-widget_type=\"google_maps.default\">\n\t\t\t\t<div class=\"elementor-widget-container\">\n\t\t\t\t\t\t\t<div class=\"elementor-custom-embed\">\n\t\t\t<iframe loading=\"lazy\"\n\t\t\t\t\tsrc=\"https:\/\/maps.google.com\/maps?q=Baltiska%20Viru%20O%C3%9C&#038;t=m&#038;z=18&#038;output=embed&#038;iwloc=near\"\n\t\t\t\t\ttitle=\"Baltiska Viru O\u00dc\"\n\t\t\t\t\taria-label=\"Baltiska Viru O\u00dc\"\n\t\t\t><\/iframe>\n\t\t<\/div>\n\t\t\t\t\t\t<\/div>\n\t\t\t\t<\/div>\n\t\t\t\t\t<\/div>\n\t\t<\/div>\n\t\t\t\t\t<\/div>\n\t\t<\/section>\n\t\t\t\t<\/div>\n\t\t","protected":false},"excerpt":{"rendered":"<p>Kontaktid: Telefon: +372 33 96230Email: alex@alex.eeAadress: Kalevi tn 3, J\u00e4rve linnaosa, Kohtla-J\u00e4rve linn, Ida-Viru maakond, 30322Eesti Rekvisiidid: Baltiska Viru O\u00dcReg. nr: 10245412<\/p>\n","protected":false},"author":1,"featured_media":0,"parent":0,"menu_order":8,"comment_status":"closed","ping_status":"closed","template":"","meta":{"footnotes":""},"class_list":["post-4524","page","type-page","status-publish","hentry"],"_links":{"self":[{"href":"https:\/\/alex.ee\/en\/wp-json\/wp\/v2\/pages\/4524","targetHints":{"allow":["GET"]}}],"collection":[{"href":"https:\/\/alex.ee\/en\/wp-json\/wp\/v2\/pages"}],"about":[{"href":"https:\/\/alex.ee\/en\/wp-json\/wp\/v2\/types\/page"}],"author":[{"embeddable":true,"href":"https:\/\/alex.ee\/en\/wp-json\/wp\/v2\/users\/1"}],"replies":[{"embeddable":true,"href":"https:\/\/alex.ee\/en\/wp-json\/wp\/v2\/comments?post=4524"}],"version-history":[{"count":8,"href":"https:\/\/alex.ee\/en\/wp-json\/wp\/v2\/pages\/4524\/revisions"}],"predecessor-version":[{"id":5236,"href":"https:\/\/alex.ee\/en\/wp-json\/wp\/v2\/pages\/4524\/revisions\/5236"}],"wp:attachment":[{"href":"https:\/\/alex.ee\/en\/wp-json\/wp\/v2\/media?parent=4524"}],"curies":[{"name":"wp","href":"https:\/\/api.w.org\/{rel}","templated":true}]}}